{"id":146,"date":"2020-03-30T18:42:16","date_gmt":"2020-03-30T18:42:16","guid":{"rendered":"http:\/\/www.cgcanigo.net\/aviso-legal\/"},"modified":"2020-03-30T18:42:16","modified_gmt":"2020-03-30T18:42:16","slug":"aviso-legal","status":"publish","type":"page","link":"http:\/\/www.cgcanigo.net\/es\/aviso-legal\/","title":{"rendered":"Aviso legal"},"content":{"rendered":"<div>El titular de este sitio web es <strong>CENTRAL DE GESTIONS CANIG\u00d3 C.A.S.L.<\/strong>, con N.I.F. <strong>B17485210<\/strong>, con domicilio en <strong>Av. Jaume I 82 2n 17001 Girona<\/strong><\/div>\n<div><\/div>\n<div>El acceso al sitio web de <strong>www.cgcanigo.net<\/strong>\u00a0es gratuito. Todo el contenido es propiedad intelectual de <strong>CENTRAL DE GESTIONS CANIG\u00d3 C.A.S.L.<\/strong>\u00a0Cualquier utilizaci\u00f3n de los mismos contraria a las normas en materia de propiedad intelectual ser\u00e1 perseguida con arreglo a la legislaci\u00f3n vigente.<\/div>\n","protected":false},"excerpt":{"rendered":"<p>El titular de este sitio web es CENTRAL DE GESTIONS CANIG\u00d3 C.A.S.L., con N.I.F. B17485210, con domicilio en Av. Jaume I 82 2n 17001 Girona El acceso al sitio web de www.cgcanigo.net\u00a0es gratuito. Todo el contenido es propiedad intelectual de CENTRAL DE GESTIONS CANIG\u00d3 C.A.S.L.\u00a0Cualquier utilizaci\u00f3n de los mismos contraria a las normas en materia [&hellip;]<\/p>\n","protected":false},"author":1,"featured_media":0,"parent":0,"menu_order":0,"comment_status":"closed","ping_status":"closed","template":"","meta":{"footnotes":""},"class_list":["post-146","page","type-page","status-publish","hentry"],"yoast_head":"<!-- This site is optimized with the Yoast SEO plugin v27.5 - https:\/\/yoast.com\/product\/yoast-seo-wordpress\/ -->\n<title>\u25b7 CG Canig\u00f3 &#8226; Aviso legal<\/title>\n<meta name=\"description\" content=\"\u25b7 CG Canig\u00f3 &#8226; Aviso legal &#8226;\" \/>\n<meta name=\"robots\" content=\"index, follow, max-snippet:-1, max-image-preview:large, max-video-preview:-1\" \/>\n<link rel=\"canonical\" href=\"http:\/\/www.cgcanigo.net\/es\/aviso-legal\/\" \/>\n<meta property=\"og:locale\" content=\"es_ES\" \/>\n<meta property=\"og:type\" content=\"article\" \/>\n<meta property=\"og:title\" content=\"\u25b7 CG Canig\u00f3 &#8226; Aviso legal\" \/>\n<meta property=\"og:description\" content=\"\u25b7 CG Canig\u00f3 &#8226; Aviso legal &#8226;\" \/>\n<meta property=\"og:url\" content=\"http:\/\/www.cgcanigo.net\/es\/aviso-legal\/\" \/>\n<meta property=\"og:site_name\" content=\"CG Canig\u00f3\" \/>\n<meta name=\"twitter:card\" content=\"summary_large_image\" \/>\n<script type=\"application\/ld+json\" class=\"yoast-schema-graph\">{\"@context\":\"https:\\\/\\\/schema.org\",\"@graph\":[{\"@type\":\"WebPage\",\"@id\":\"http:\\\/\\\/www.cgcanigo.net\\\/es\\\/aviso-legal\\\/\",\"url\":\"http:\\\/\\\/www.cgcanigo.net\\\/es\\\/aviso-legal\\\/\",\"name\":\"\u25b7 CG Canig\u00f3 &#8226; Aviso legal\",\"isPartOf\":{\"@id\":\"https:\\\/\\\/www.cgcanigo.net\\\/es\\\/#website\"},\"datePublished\":\"2020-03-30T18:42:16+00:00\",\"description\":\"\u25b7 CG Canig\u00f3 &#8226; Aviso legal &#8226;\",\"breadcrumb\":{\"@id\":\"http:\\\/\\\/www.cgcanigo.net\\\/es\\\/aviso-legal\\\/#breadcrumb\"},\"inLanguage\":\"es\",\"potentialAction\":[{\"@type\":\"ReadAction\",\"target\":[\"http:\\\/\\\/www.cgcanigo.net\\\/es\\\/aviso-legal\\\/\"]}]},{\"@type\":\"BreadcrumbList\",\"@id\":\"http:\\\/\\\/www.cgcanigo.net\\\/es\\\/aviso-legal\\\/#breadcrumb\",\"itemListElement\":[{\"@type\":\"ListItem\",\"position\":1,\"name\":\"Portada\",\"item\":\"https:\\\/\\\/www.cgcanigo.net\\\/es\\\/\"},{\"@type\":\"ListItem\",\"position\":2,\"name\":\"Aviso legal\"}]},{\"@type\":\"WebSite\",\"@id\":\"https:\\\/\\\/www.cgcanigo.net\\\/es\\\/#website\",\"url\":\"https:\\\/\\\/www.cgcanigo.net\\\/es\\\/\",\"name\":\"CG Canig\u00f3\",\"description\":\"Corredur\u00eda de seguros en Girona\",\"publisher\":{\"@id\":\"https:\\\/\\\/www.cgcanigo.net\\\/es\\\/#organization\"},\"potentialAction\":[{\"@type\":\"SearchAction\",\"target\":{\"@type\":\"EntryPoint\",\"urlTemplate\":\"https:\\\/\\\/www.cgcanigo.net\\\/es\\\/?s={search_term_string}\"},\"query-input\":{\"@type\":\"PropertyValueSpecification\",\"valueRequired\":true,\"valueName\":\"search_term_string\"}}],\"inLanguage\":\"es\"},{\"@type\":\"Organization\",\"@id\":\"https:\\\/\\\/www.cgcanigo.net\\\/es\\\/#organization\",\"name\":\"Corredoria d'assegurances a Girona i Roses\",\"url\":\"https:\\\/\\\/www.cgcanigo.net\\\/es\\\/\",\"logo\":{\"@type\":\"ImageObject\",\"inLanguage\":\"es\",\"@id\":\"https:\\\/\\\/www.cgcanigo.net\\\/es\\\/#\\\/schema\\\/logo\\\/image\\\/\",\"url\":\"http:\\\/\\\/www.cgcanigo.net\\\/wp-content\\\/uploads\\\/2020\\\/03\\\/logo_canigo.png\",\"contentUrl\":\"http:\\\/\\\/www.cgcanigo.net\\\/wp-content\\\/uploads\\\/2020\\\/03\\\/logo_canigo.png\",\"width\":700,\"height\":200,\"caption\":\"Corredoria d'assegurances a Girona i Roses\"},\"image\":{\"@id\":\"https:\\\/\\\/www.cgcanigo.net\\\/es\\\/#\\\/schema\\\/logo\\\/image\\\/\"}}]}<\/script>\n<!-- \/ Yoast SEO plugin. -->","yoast_head_json":{"title":"\u25b7 CG Canig\u00f3 &#8226; Aviso legal","description":"\u25b7 CG Canig\u00f3 &#8226; Aviso legal &#8226;","robots":{"index":"index","follow":"follow","max-snippet":"max-snippet:-1","max-image-preview":"max-image-preview:large","max-video-preview":"max-video-preview:-1"},"canonical":"http:\/\/www.cgcanigo.net\/es\/aviso-legal\/","og_locale":"es_ES","og_type":"article","og_title":"\u25b7 CG Canig\u00f3 &#8226; Aviso legal","og_description":"\u25b7 CG Canig\u00f3 &#8226; Aviso legal &#8226;","og_url":"http:\/\/www.cgcanigo.net\/es\/aviso-legal\/","og_site_name":"CG Canig\u00f3","twitter_card":"summary_large_image","schema":{"@context":"https:\/\/schema.org","@graph":[{"@type":"WebPage","@id":"http:\/\/www.cgcanigo.net\/es\/aviso-legal\/","url":"http:\/\/www.cgcanigo.net\/es\/aviso-legal\/","name":"\u25b7 CG Canig\u00f3 &#8226; Aviso legal","isPartOf":{"@id":"https:\/\/www.cgcanigo.net\/es\/#website"},"datePublished":"2020-03-30T18:42:16+00:00","description":"\u25b7 CG Canig\u00f3 &#8226; Aviso legal &#8226;","breadcrumb":{"@id":"http:\/\/www.cgcanigo.net\/es\/aviso-legal\/#breadcrumb"},"inLanguage":"es","potentialAction":[{"@type":"ReadAction","target":["http:\/\/www.cgcanigo.net\/es\/aviso-legal\/"]}]},{"@type":"BreadcrumbList","@id":"http:\/\/www.cgcanigo.net\/es\/aviso-legal\/#breadcrumb","itemListElement":[{"@type":"ListItem","position":1,"name":"Portada","item":"https:\/\/www.cgcanigo.net\/es\/"},{"@type":"ListItem","position":2,"name":"Aviso legal"}]},{"@type":"WebSite","@id":"https:\/\/www.cgcanigo.net\/es\/#website","url":"https:\/\/www.cgcanigo.net\/es\/","name":"CG Canig\u00f3","description":"Corredur\u00eda de seguros en Girona","publisher":{"@id":"https:\/\/www.cgcanigo.net\/es\/#organization"},"potentialAction":[{"@type":"SearchAction","target":{"@type":"EntryPoint","urlTemplate":"https:\/\/www.cgcanigo.net\/es\/?s={search_term_string}"},"query-input":{"@type":"PropertyValueSpecification","valueRequired":true,"valueName":"search_term_string"}}],"inLanguage":"es"},{"@type":"Organization","@id":"https:\/\/www.cgcanigo.net\/es\/#organization","name":"Corredoria d'assegurances a Girona i Roses","url":"https:\/\/www.cgcanigo.net\/es\/","logo":{"@type":"ImageObject","inLanguage":"es","@id":"https:\/\/www.cgcanigo.net\/es\/#\/schema\/logo\/image\/","url":"http:\/\/www.cgcanigo.net\/wp-content\/uploads\/2020\/03\/logo_canigo.png","contentUrl":"http:\/\/www.cgcanigo.net\/wp-content\/uploads\/2020\/03\/logo_canigo.png","width":700,"height":200,"caption":"Corredoria d'assegurances a Girona i Roses"},"image":{"@id":"https:\/\/www.cgcanigo.net\/es\/#\/schema\/logo\/image\/"}}]}},"_links":{"self":[{"href":"http:\/\/www.cgcanigo.net\/es\/wp-json\/wp\/v2\/pages\/146","targetHints":{"allow":["GET"]}}],"collection":[{"href":"http:\/\/www.cgcanigo.net\/es\/wp-json\/wp\/v2\/pages"}],"about":[{"href":"http:\/\/www.cgcanigo.net\/es\/wp-json\/wp\/v2\/types\/page"}],"author":[{"embeddable":true,"href":"http:\/\/www.cgcanigo.net\/es\/wp-json\/wp\/v2\/users\/1"}],"replies":[{"embeddable":true,"href":"http:\/\/www.cgcanigo.net\/es\/wp-json\/wp\/v2\/comments?post=146"}],"version-history":[{"count":0,"href":"http:\/\/www.cgcanigo.net\/es\/wp-json\/wp\/v2\/pages\/146\/revisions"}],"wp:attachment":[{"href":"http:\/\/www.cgcanigo.net\/es\/wp-json\/wp\/v2\/media?parent=146"}],"curies":[{"name":"wp","href":"https:\/\/api.w.org\/{rel}","templated":true}]}}